{"id":3190,"date":"2022-12-12T17:15:51","date_gmt":"2022-12-12T17:15:51","guid":{"rendered":"https:\/\/confiarportugal.pt\/?page_id=3190"},"modified":"2026-01-16T14:07:12","modified_gmt":"2026-01-16T14:07:12","slug":"documentos-oficiais","status":"publish","type":"page","link":"https:\/\/confiarportugal.pt\/en\/quem-somos\/documentos-oficiais\/","title":{"rendered":"(PT) Documentos Oficiais"},"content":{"rendered":"<div id=\"pl-3190\"  class=\"panel-layout\" ><div id=\"pg-3190-0\"  class=\"panel-grid panel-no-style\" ><div id=\"pgc-3190-0-0\"  class=\"panel-grid-cell\" ><div id=\"panel-3190-0-0-0\" class=\"so-panel widget panel-first-child\" data-index=\"0\" ><\/div><div id=\"panel-3190-0-0-1\" class=\"so-panel widget widget_text panel-last-child\" data-index=\"1\" ><h3 class=\"widget-title\">Apresenta\u00e7\u00e3o Contas 2024<\/h3>\t\t\t<div class=\"textwidget\"><ul>\n<li><a href=\"https:\/\/confiarportugal.pt\/wp-content\/uploads\/2026\/01\/Balanco-e-DR-2024-Assinados.pdf\">Balan\u00e7o DR 2024<\/a><\/li>\n<li><a href=\"https:\/\/confiarportugal.pt\/wp-content\/uploads\/2026\/01\/Ata-AG-55-1_signed_RL_NP.pdf\">Ata AG 55<\/a><\/li>\n<li><a href=\"https:\/\/confiarportugal.pt\/wp-content\/uploads\/2026\/01\/Ata-Conselho-Fiscal.pdf\">Ata Conselho Fiscal<\/a><\/li>\n<li><a href=\"https:\/\/confiarportugal.pt\/wp-content\/uploads\/2026\/01\/Anexo-CONFIAR-2024_signed.pdf\">Anexo Confiar 2024<\/a><\/li>\n<\/ul>\n<\/div>\n\t\t<\/div><\/div><\/div><\/div>","protected":false},"excerpt":{"rendered":"<p>(PT) OCIP 2022 OCIP 2021 OCIP 2020 OCIP 2019 OCIP 2018 Protocolo de coopera\u00e7\u00e3o Confiar | Nova SBE Carta de Compromisso para a Justi\u00e7a Restaurativa com a APAV Protocolo para a Preven\u00e7\u00e3o, Inclus\u00e3o e Reinser\u00e7\u00e3o Estatutos Balan\u00e7o DR 2024 Ata AG 55 Ata Conselho Fiscal Anexo Confiar 2024<\/p>\n","protected":false},"author":4,"featured_media":0,"parent":19,"menu_order":0,"comment_status":"closed","ping_status":"closed","template":"templates\/template-full-notitle.php","meta":{"_exactmetrics_skip_tracking":false,"_exactmetrics_sitenote_active":false,"_exactmetrics_sitenote_note":"","_exactmetrics_sitenote_category":0,"spay_email":""},"aioseo_notices":[],"jetpack_sharing_enabled":true,"_links":{"self":[{"href":"https:\/\/confiarportugal.pt\/en\/wp-json\/wp\/v2\/pages\/3190"}],"collection":[{"href":"https:\/\/confiarportugal.pt\/en\/wp-json\/wp\/v2\/pages"}],"about":[{"href":"https:\/\/confiarportugal.pt\/en\/wp-json\/wp\/v2\/types\/page"}],"author":[{"embeddable":true,"href":"https:\/\/confiarportugal.pt\/en\/wp-json\/wp\/v2\/users\/4"}],"replies":[{"embeddable":true,"href":"https:\/\/confiarportugal.pt\/en\/wp-json\/wp\/v2\/comments?post=3190"}],"version-history":[{"count":6,"href":"https:\/\/confiarportugal.pt\/en\/wp-json\/wp\/v2\/pages\/3190\/revisions"}],"predecessor-version":[{"id":3283,"href":"https:\/\/confiarportugal.pt\/en\/wp-json\/wp\/v2\/pages\/3190\/revisions\/3283"}],"up":[{"embeddable":true,"href":"https:\/\/confiarportugal.pt\/en\/wp-json\/wp\/v2\/pages\/19"}],"wp:attachment":[{"href":"https:\/\/confiarportugal.pt\/en\/wp-json\/wp\/v2\/media?parent=3190"}],"curies":[{"name":"wp","href":"https:\/\/api.w.org\/{rel}","templated":true}]}}