{"id":2914,"date":"2022-07-04T15:10:06","date_gmt":"2022-07-04T15:10:06","guid":{"rendered":"https:\/\/confiarportugal.pt\/?page_id=2914"},"modified":"2022-07-04T15:10:06","modified_gmt":"2022-07-04T15:10:06","slug":"cope-2022-international-conference","status":"publish","type":"page","link":"https:\/\/confiarportugal.pt\/pt\/confiar\/cope-2022-international-conference\/","title":{"rendered":"COPE 2022 &#8211; International Conference"},"content":{"rendered":"<p>Consulte <a href=\"https:\/\/confiarportugal.pt\/wp-content\/uploads\/2022\/06\/COPE_22_Programa_AF_1-2.pdf\">aqui<\/a> o programa da confer\u00eancia.<\/p>\n<p>Consulte <a href=\"https:\/\/confiarportugal.pt\/wp-content\/uploads\/2022\/06\/COPE_22_Biografias.pdf\">aqui<\/a> as biografias dos oradores.<\/p>\n<p>RR &#8211; Programa em &#8220;<a href=\"https:\/\/rr.sapo.pt\/artigo\/em-nome-da-lei\/2022\/05\/28\/a-realidade-invisivel-dos-filhos-das-detidas-criancas-que-saem-das-cadeias-estao-em-risco\/286036\/\" target=\"_blank\" rel=\"noopener\">Nome da Lei<\/a>&#8220;, com a Jornalista e oradora Marina Pimentel e com a participa\u00e7\u00e3o do Presidente da Confiar, Lu\u00eds Gagliardini Gra\u00e7a.<\/p>\n<p>Destaques: Entrevista Liz Ayre ao <a href=\"https:\/\/confiarportugal.pt\/wp-content\/uploads\/2022\/07\/Publico_Liz-Ayre-Interview_20220602.pdf\" target=\"_blank\" rel=\"noopener\">Jornal P\u00fablico<\/a><\/p>\n<p><img loading=\"lazy\" class=\"aligncenter size-full wp-image-2839\" src=\"https:\/\/confiarportugal.pt\/wp-content\/uploads\/2022\/06\/COPE_22_Save-the-date_V5-scaled.jpg\" alt=\"\" width=\"2560\" height=\"1440\" srcset=\"https:\/\/confiarportugal.pt\/wp-content\/uploads\/2022\/06\/COPE_22_Save-the-date_V5-scaled.jpg 2560w, https:\/\/confiarportugal.pt\/wp-content\/uploads\/2022\/06\/COPE_22_Save-the-date_V5-300x169.jpg 300w, https:\/\/confiarportugal.pt\/wp-content\/uploads\/2022\/06\/COPE_22_Save-the-date_V5-1024x576.jpg 1024w, https:\/\/confiarportugal.pt\/wp-content\/uploads\/2022\/06\/COPE_22_Save-the-date_V5-768x432.jpg 768w, https:\/\/confiarportugal.pt\/wp-content\/uploads\/2022\/06\/COPE_22_Save-the-date_V5-1536x864.jpg 1536w, https:\/\/confiarportugal.pt\/wp-content\/uploads\/2022\/06\/COPE_22_Save-the-date_V5-2048x1152.jpg 2048w\" sizes=\"(max-width: 2560px) 100vw, 2560px\" \/><\/p>\n<div id=\"metaslider-id-2863\" style=\"width: 100%; margin: 0 auto;\" class=\"ml-slider-3-98-0 metaslider metaslider-nivo metaslider-2863 ml-slider ms-theme-default\" role=\"region\" aria-roledescription=\"Slideshow\" aria-label=\"COPE 2022\" data-width=\"500\">\n    <div id=\"metaslider_container_2863\">\n        <div class='slider-wrapper theme-default'><div class='ribbon'><\/div><div id='metaslider_2863' class='nivoSlider'><img src=\"https:\/\/confiarportugal.pt\/wp-content\/uploads\/2022\/07\/COPE-1.jpg\" height=\"500\" width=\"500\" title=\"COPE 1\" alt=\"\" class=\"slider-2863 slide-2886\" \/><img src=\"https:\/\/confiarportugal.pt\/wp-content\/uploads\/2022\/07\/COPE-2.jpg\" height=\"500\" width=\"500\" title=\"COPE 2\" alt=\"\" class=\"slider-2863 slide-2887\" \/><img src=\"https:\/\/confiarportugal.pt\/wp-content\/uploads\/2022\/07\/COPE-3.jpg\" height=\"500\" width=\"500\" title=\"COPE 3\" alt=\"\" class=\"slider-2863 slide-2888\" \/><img src=\"https:\/\/confiarportugal.pt\/wp-content\/uploads\/2022\/07\/COPE-4.jpg\" height=\"500\" width=\"500\" title=\"COPE 4\" alt=\"\" class=\"slider-2863 slide-2889\" \/><img src=\"https:\/\/confiarportugal.pt\/wp-content\/uploads\/2022\/07\/COPE-5.jpg\" height=\"500\" width=\"500\" title=\"COPE 5\" alt=\"\" class=\"slider-2863 slide-2890\" \/><img src=\"https:\/\/confiarportugal.pt\/wp-content\/uploads\/2022\/07\/COPE-6.jpg\" height=\"500\" width=\"500\" title=\"COPE 6\" alt=\"\" class=\"slider-2863 slide-2891\" \/><img src=\"https:\/\/confiarportugal.pt\/wp-content\/uploads\/2022\/07\/COPE-7.jpg\" height=\"500\" width=\"500\" title=\"COPE 7\" alt=\"\" class=\"slider-2863 slide-2892\" \/><img src=\"https:\/\/confiarportugal.pt\/wp-content\/uploads\/2022\/07\/COPE-8.jpg\" height=\"500\" width=\"500\" title=\"COPE 8\" alt=\"\" class=\"slider-2863 slide-2893\" \/><img src=\"https:\/\/confiarportugal.pt\/wp-content\/uploads\/2022\/07\/COPE-9.jpg\" height=\"500\" width=\"500\" title=\"COPE 9\" alt=\"\" class=\"slider-2863 slide-2894\" \/><img src=\"https:\/\/confiarportugal.pt\/wp-content\/uploads\/2022\/07\/COPE-10.jpg\" height=\"500\" width=\"500\" title=\"COPE 10\" alt=\"\" class=\"slider-2863 slide-2895\" \/><img src=\"https:\/\/confiarportugal.pt\/wp-content\/uploads\/2022\/07\/COPE-11.jpg\" height=\"500\" width=\"500\" title=\"COPE 11\" alt=\"\" class=\"slider-2863 slide-2896\" \/><img src=\"https:\/\/confiarportugal.pt\/wp-content\/uploads\/2022\/07\/COPE-12.jpg\" height=\"500\" width=\"500\" title=\"COPE 12\" alt=\"\" class=\"slider-2863 slide-2897\" \/><img src=\"https:\/\/confiarportugal.pt\/wp-content\/uploads\/2022\/07\/COPE-13.jpg\" height=\"500\" width=\"500\" title=\"COPE 13\" alt=\"\" class=\"slider-2863 slide-2898\" \/><img src=\"https:\/\/confiarportugal.pt\/wp-content\/uploads\/2022\/07\/COPE-14.jpg\" height=\"500\" width=\"500\" title=\"COPE 14\" alt=\"\" class=\"slider-2863 slide-2899\" \/><img src=\"https:\/\/confiarportugal.pt\/wp-content\/uploads\/2022\/07\/COPE-15.jpg\" height=\"500\" width=\"500\" title=\"COPE 15\" alt=\"\" class=\"slider-2863 slide-2900\" \/><img src=\"https:\/\/confiarportugal.pt\/wp-content\/uploads\/2022\/07\/COPE-16.jpg\" height=\"500\" width=\"500\" title=\"COPE 16\" alt=\"\" class=\"slider-2863 slide-2901\" \/><img src=\"https:\/\/confiarportugal.pt\/wp-content\/uploads\/2022\/07\/COPE-17.jpg\" height=\"500\" width=\"500\" title=\"COPE 17\" alt=\"\" class=\"slider-2863 slide-2902\" \/><img src=\"https:\/\/confiarportugal.pt\/wp-content\/uploads\/2022\/07\/COPE-18.jpg\" height=\"500\" width=\"500\" title=\"COPE 18\" alt=\"\" class=\"slider-2863 slide-2903\" \/><img src=\"https:\/\/confiarportugal.pt\/wp-content\/uploads\/2022\/07\/COPE-19.jpg\" height=\"500\" width=\"500\" title=\"COPE 19\" alt=\"\" class=\"slider-2863 slide-2904\" \/><img src=\"https:\/\/confiarportugal.pt\/wp-content\/uploads\/2022\/07\/COPE-20.jpg\" height=\"500\" width=\"500\" title=\"COPE 20\" alt=\"\" class=\"slider-2863 slide-2905\" \/><img src=\"https:\/\/confiarportugal.pt\/wp-content\/uploads\/2022\/07\/COPE-21.jpg\" height=\"500\" width=\"500\" title=\"COPE 21\" alt=\"\" class=\"slider-2863 slide-2906\" \/><img src=\"https:\/\/confiarportugal.pt\/wp-content\/uploads\/2022\/07\/COPE-22.jpg\" height=\"500\" width=\"500\" title=\"COPE 22\" alt=\"\" class=\"slider-2863 slide-2907\" \/><\/div><\/div>\n        \n    <\/div>\n<\/div>\n<p><\/p>","protected":false},"excerpt":{"rendered":"<p>Consulte aqui o programa da confer\u00eancia. Consulte aqui as biografias dos oradores. RR &#8211; Programa em &#8220;Nome da Lei&#8220;, com a Jornalista e oradora Marina Pimentel e com a participa\u00e7\u00e3o do Presidente da Confiar, Lu\u00eds Gagliardini Gra\u00e7a. Destaques: Entrevista Liz Ayre ao Jornal P\u00fablico<\/p>\n","protected":false},"author":4,"featured_media":0,"parent":7,"menu_order":0,"comment_status":"closed","ping_status":"closed","template":"templates\/template-full-notitle.php","meta":{"_exactmetrics_skip_tracking":false,"_exactmetrics_sitenote_active":false,"_exactmetrics_sitenote_note":"","_exactmetrics_sitenote_category":0,"spay_email":""},"aioseo_notices":[],"jetpack_sharing_enabled":true,"_links":{"self":[{"href":"https:\/\/confiarportugal.pt\/pt\/wp-json\/wp\/v2\/pages\/2914"}],"collection":[{"href":"https:\/\/confiarportugal.pt\/pt\/wp-json\/wp\/v2\/pages"}],"about":[{"href":"https:\/\/confiarportugal.pt\/pt\/wp-json\/wp\/v2\/types\/page"}],"author":[{"embeddable":true,"href":"https:\/\/confiarportugal.pt\/pt\/wp-json\/wp\/v2\/users\/4"}],"replies":[{"embeddable":true,"href":"https:\/\/confiarportugal.pt\/pt\/wp-json\/wp\/v2\/comments?post=2914"}],"version-history":[{"count":1,"href":"https:\/\/confiarportugal.pt\/pt\/wp-json\/wp\/v2\/pages\/2914\/revisions"}],"predecessor-version":[{"id":2915,"href":"https:\/\/confiarportugal.pt\/pt\/wp-json\/wp\/v2\/pages\/2914\/revisions\/2915"}],"up":[{"embeddable":true,"href":"https:\/\/confiarportugal.pt\/pt\/wp-json\/wp\/v2\/pages\/7"}],"wp:attachment":[{"href":"https:\/\/confiarportugal.pt\/pt\/wp-json\/wp\/v2\/media?parent=2914"}],"curies":[{"name":"wp","href":"https:\/\/api.w.org\/{rel}","templated":true}]}}