{"id":456,"date":"2015-07-16T12:01:37","date_gmt":"2015-07-16T12:01:37","guid":{"rendered":"http:\/\/www.confiar-pf.pt\/?page_id=456"},"modified":"2019-11-10T10:21:50","modified_gmt":"2019-11-10T10:21:50","slug":"press-kit","status":"publish","type":"page","link":"https:\/\/confiarportugal.pt\/pt\/media\/press-kit\/","title":{"rendered":"Press Kit"},"content":{"rendered":"<p>&nbsp;<\/p>\n<p>Bem-vindo \u00e0 Sec\u00e7\u00e3o de Imprensa da Confiar, onde disponibilizamos o nosso press kit com o resumo informativo da nossa organiza\u00e7\u00e3o. Para o apoio espec\u00edfico aos profissionais da comunica\u00e7\u00e3o social contacte-nos para: info<a href=\"mailto:info@confiar-pf.pt\" target=\"_blank\">@confiar-pf.pt <\/a><\/p>","protected":false},"excerpt":{"rendered":"<p>&nbsp; Bem-vindo \u00e0 Sec\u00e7\u00e3o de Imprensa da Confiar, onde disponibilizamos o nosso press kit com o resumo informativo da nossa organiza\u00e7\u00e3o. Para o apoio espec\u00edfico aos profissionais da comunica\u00e7\u00e3o social contacte-nos para: info@confiar-pf.pt<\/p>\n","protected":false},"author":4,"featured_media":0,"parent":172,"menu_order":0,"comment_status":"closed","ping_status":"closed","template":"templates\/template-full-notitle.php","meta":{"_exactmetrics_skip_tracking":false,"_exactmetrics_sitenote_active":false,"_exactmetrics_sitenote_note":"","_exactmetrics_sitenote_category":0,"spay_email":""},"aioseo_notices":[],"jetpack_sharing_enabled":true,"_links":{"self":[{"href":"https:\/\/confiarportugal.pt\/pt\/wp-json\/wp\/v2\/pages\/456"}],"collection":[{"href":"https:\/\/confiarportugal.pt\/pt\/wp-json\/wp\/v2\/pages"}],"about":[{"href":"https:\/\/confiarportugal.pt\/pt\/wp-json\/wp\/v2\/types\/page"}],"author":[{"embeddable":true,"href":"https:\/\/confiarportugal.pt\/pt\/wp-json\/wp\/v2\/users\/4"}],"replies":[{"embeddable":true,"href":"https:\/\/confiarportugal.pt\/pt\/wp-json\/wp\/v2\/comments?post=456"}],"version-history":[{"count":11,"href":"https:\/\/confiarportugal.pt\/pt\/wp-json\/wp\/v2\/pages\/456\/revisions"}],"predecessor-version":[{"id":1875,"href":"https:\/\/confiarportugal.pt\/pt\/wp-json\/wp\/v2\/pages\/456\/revisions\/1875"}],"up":[{"embeddable":true,"href":"https:\/\/confiarportugal.pt\/pt\/wp-json\/wp\/v2\/pages\/172"}],"wp:attachment":[{"href":"https:\/\/confiarportugal.pt\/pt\/wp-json\/wp\/v2\/media?parent=456"}],"curies":[{"name":"wp","href":"https:\/\/api.w.org\/{rel}","templated":true}]}}