{"id":7,"date":"2015-05-15T15:12:30","date_gmt":"2015-05-12T10:25:42","guid":{"rendered":"http:\/\/www.confiar-pf.pt\/?page_id=7"},"modified":"2022-07-04T13:48:02","modified_gmt":"2022-07-04T13:48:02","slug":"confiar","status":"publish","type":"page","link":"https:\/\/confiarportugal.pt\/pt\/","title":{"rendered":"Inicio"},"content":{"rendered":"<div id=\"pl-7\"  class=\"panel-layout\" ><div id=\"pg-7-0\"  class=\"panel-grid panel-no-style\" ><div id=\"pgc-7-0-0\"  class=\"panel-grid-cell panel-grid-cell-empty panel-grid-cell-mobile-last\" ><\/div><div id=\"pgc-7-0-1\"  class=\"panel-grid-cell panel-grid-cell-empty\" ><\/div><\/div><div id=\"pg-7-1\"  class=\"panel-grid panel-no-style\" ><div id=\"pgc-7-1-0\"  class=\"panel-grid-cell\" ><div id=\"panel-7-1-0-0\" class=\"so-panel widget widget_black-studio-tinymce widget_black_studio_tinymce panel-first-child panel-last-child\" data-index=\"0\" ><div class=\"call panel-widget-style panel-widget-style-for-7-1-0-0\" ><div class=\"textwidget\"><h4 style=\"text-align: center;\">Na Confiar acreditamos que toda\u00a0a\u00a0Pessoa \u00e9 maior que o seu erro. Promovemos a dignifica\u00e7\u00e3o dos reclusos e suas fam\u00edlias, com a participa\u00e7\u00e3o da sociedade civil.<\/h4>\n<\/div><\/div><\/div><\/div><\/div><div id=\"pg-7-2\"  class=\"panel-grid panel-no-style\" ><div id=\"pgc-7-2-0\"  class=\"panel-grid-cell panel-grid-cell-empty panel-grid-cell-mobile-last\" ><\/div><div id=\"pgc-7-2-1\"  class=\"panel-grid-cell panel-grid-cell-empty\" ><\/div><\/div><div id=\"pg-7-3\"  class=\"panel-grid panel-no-style\" ><div id=\"pgc-7-3-0\"  class=\"panel-grid-cell\" ><div id=\"panel-7-3-0-0\" class=\"so-panel widget widget_circleicon-widget panel-first-child panel-last-child\" data-index=\"1\" >\t\t<div class=\"circle-icon-box circle-icon-position-top circle-icon-hide-box circle-icon-size-large\">\n\t\t\t<div class=\"circle-icon-wrapper\">\n                <a href=\"https:\/\/confiarportugal.pt\/pt\/o-que\/centro-de-apoio-familiar-dez\/\" class=\"link-icon\">\t\t\t\t<div class=\"circle-icon\" style=\"background-image: url(http:\/\/www.confiar-pf.pt\/wp-content\/uploads\/2015\/08\/icons1.png);background-color: #FECB36\">\n\t\t\t\t\t\t\t\t\t<\/div>\n                <\/a>\t\t\t<\/div>\n\n            <a href=\"https:\/\/confiarportugal.pt\/pt\/o-que\/centro-de-apoio-familiar-dez\/\" class=\"link-title\">\t\t\t<h4>Fam\u00edlias e Reclusos<\/h4>            <\/a>\n\t\t\t<p class=\"text\">Tem um familiar ou conhecido em situa\u00e7\u00e3o de deten\u00e7\u00e3o ou a cumprir pena de pris\u00e3o? Gostava de o ajudar no processo de reinser\u00e7\u00e3o na sua comunidade no final da pena? N\u00f3s ajudamos com os nossos recursos para o guiar nesse dif\u00edcil e desafiante processo de recome\u00e7o.<\/p>\t\t\t\t\t\t\t<a href=\"https:\/\/confiarportugal.pt\/pt\/o-que\/centro-de-apoio-familiar-dez\/\" class=\"more-button\">Saber Mais <i><\/i><\/a>\n\t\t\t\t\t<\/div>\n\t\t<\/div><\/div><div id=\"pgc-7-3-1\"  class=\"panel-grid-cell\" ><div id=\"panel-7-3-1-0\" class=\"so-panel widget widget_circleicon-widget panel-first-child panel-last-child\" data-index=\"2\" >\t\t<div class=\"circle-icon-box circle-icon-position-top circle-icon-hide-box circle-icon-size-large\">\n\t\t\t<div class=\"circle-icon-wrapper\">\n                <a href=\"https:\/\/confiarportugal.pt\/pt\/o-que\/voluntariado-dez\/\" class=\"link-icon\">\t\t\t\t<div class=\"circle-icon\" style=\"background-image: url(http:\/\/www.confiar-pf.pt\/wp-content\/uploads\/2015\/08\/icons2.png);background-color: #FECB36\">\n\t\t\t\t\t\t\t\t\t<\/div>\n                <\/a>\t\t\t<\/div>\n\n            <a href=\"https:\/\/confiarportugal.pt\/pt\/o-que\/voluntariado-dez\/\" class=\"link-title\">\t\t\t<h4>Volunt\u00e1rios<\/h4>            <\/a>\n\t\t\t<p class=\"text\">Se sente o apelo para a miss\u00e3o de levar a solidariedade e o amor para o interior dos estabelecimentos prisionais e ao cora\u00e7\u00e3o do recluso, encorajamo-lo a inscrever-se como volunt\u00e1rio.<\/p>\t\t\t\t\t\t\t<a href=\"https:\/\/confiarportugal.pt\/pt\/o-que\/voluntariado-dez\/\" class=\"more-button\">Saber Mais <i><\/i><\/a>\n\t\t\t\t\t<\/div>\n\t\t<\/div><\/div><div id=\"pgc-7-3-2\"  class=\"panel-grid-cell\" ><div id=\"panel-7-3-2-0\" class=\"so-panel widget widget_circleicon-widget panel-first-child panel-last-child\" data-index=\"3\" >\t\t<div class=\"circle-icon-box circle-icon-position-top circle-icon-hide-box circle-icon-size-large\">\n\t\t\t<div class=\"circle-icon-wrapper\">\n                <a href=\"http:\/\/www.confiar-pf.pt\/pt\/como-participar\/\" class=\"link-icon\">\t\t\t\t<div class=\"circle-icon\" style=\"background-image: url(http:\/\/www.confiar-pf.pt\/wp-content\/uploads\/2015\/08\/icons3.png);background-color: #FECB36\">\n\t\t\t\t\t\t\t\t\t<\/div>\n                <\/a>\t\t\t<\/div>\n\n            <a href=\"http:\/\/www.confiar-pf.pt\/pt\/como-participar\/\" class=\"link-title\">\t\t\t<h4>Angariar Fundos<\/h4>            <\/a>\n\t\t\t<p class=\"text\">O seu donativo \u00e9 precioso para concretizarmos os nossos projetos, ajudar a refazer vidas, reunir fam\u00edlias, partilhar a esperan\u00e7a devolvendo a dignidade e um projeto de futuro a reclusos e ex-reclusos.<\/p>\t\t\t\t\t\t\t<a href=\"http:\/\/www.confiar-pf.pt\/pt\/como-participar\/\" class=\"more-button\">Saber Mais <i><\/i><\/a>\n\t\t\t\t\t<\/div>\n\t\t<\/div><\/div><\/div><div id=\"pg-7-4\"  class=\"panel-grid panel-no-style\" ><div id=\"pgc-7-4-0\"  class=\"panel-grid-cell panel-grid-cell-empty\" ><\/div><\/div><div id=\"pg-7-5\"  class=\"panel-grid panel-no-style\" ><div id=\"pgc-7-5-0\"  class=\"panel-grid-cell\" ><div id=\"panel-7-5-0-0\" class=\"so-panel widget widget_black-studio-tinymce widget_black_studio_tinymce panel-first-child\" data-index=\"4\" ><div class=\"call panel-widget-style panel-widget-style-for-7-5-0-0\" ><div class=\"textwidget\"><h4 style=\"text-align: center;\">Horta Biol\u00f3gica da Confiar<\/h4>\n<p>&nbsp;<\/p>\n<p style=\"text-align: center;\">Na Confiar preocupamo-nos com a sustentabilidade e a promo\u00e7\u00e3o de um estilo de vida saud\u00e1vel.<\/p>\n<p style=\"text-align: center;\">Os utentes da Casa de Sa\u00edda da Confiar criaram uma horta de produtos biol\u00f3gicos no terreno da nossa sede. Alfaces, couves, espinafres, cebolas e algumas especiarias como salsa e coentros s\u00e3o alguns dos produtos que os nossos utentes est\u00e3o a cultivar e que s\u00e3o utilizados na confec\u00e7\u00e3o das suas refei\u00e7\u00f5es biol\u00f3gicas e saud\u00e1veis.<\/p>\n<\/div><\/div><\/div><div id=\"panel-7-5-0-1\" class=\"so-panel widget panel-last-child\" data-index=\"5\" ><\/div><\/div><\/div><div id=\"pg-7-6\"  class=\"panel-grid panel-no-style\" ><div id=\"pgc-7-6-0\"  class=\"panel-grid-cell\" ><div id=\"panel-7-6-0-0\" class=\"so-panel widget panel-first-child\" data-index=\"6\" ><\/div><div id=\"panel-7-6-0-1\" class=\"so-panel widget panel-last-child\" data-index=\"7\" ><\/div><\/div><\/div><div id=\"pg-7-7\"  class=\"panel-grid panel-no-style\" ><div id=\"pgc-7-7-0\"  class=\"panel-grid-cell\" ><div id=\"panel-7-7-0-0\" class=\"so-panel widget widget_black-studio-tinymce widget_black_studio_tinymce panel-first-child panel-last-child\" data-index=\"8\" ><div class=\"call panel-widget-style panel-widget-style-for-7-7-0-0\" ><div class=\"textwidget\"><h4 style=\"text-align: center;\">O Papel da Confiar junto dos filhos de reclusos e a COPE<\/h4>\n<p>As crian\u00e7as e jovens, com familiares em reclus\u00e3o apresentam, na sua maioria, maior vulnerabilidade no que respeita \u00e0 sua inclus\u00e3o social e bem-estar, maior propens\u00e3o para o desenvolvimento de padr\u00f5es comportamentais de risco, fracas compet\u00eancias intersociais e de gest\u00e3o emocional. A esta vulnerabilidade acresce a necessidade comumente constatada de reabilita\u00e7\u00e3o das rela\u00e7\u00f5es familiares, necessidade essa verificada tamb\u00e9m junto dos pais reclusos, o que \u00e9 fundamental para a sua plena reinser\u00e7\u00e3o social.<\/p>\n<p><a href=\"https:\/\/childrenofprisoners.eu\/\"><img class=\"alignleft wp-image-2174\" title=\"Children Of Prisoners Europe\" src=\"https:\/\/confiarportugal.pt\/wp-content\/uploads\/2015\/07\/logo-childrenofprisoners.png\" alt=\"\" width=\"608\" height=\"174\" \/><\/a><\/p>\n<p>Perante esta realidade, a Confiar, assume como prop\u00f3sito o de atuar positivamente na realidade portuguesa no que respeita \u00e0s crian\u00e7as e jovens filhos de pessoas com passados de priva\u00e7\u00e3o de liberdade e\/ou condenadas pela pr\u00e1tica de crime(s), numa perspetiva de prote\u00e7\u00e3o, de combate \u00e0 exclus\u00e3o e \u00e0 vulnerabilidade, de repara\u00e7\u00e3o das rela\u00e7\u00f5es familiares e de rompimento com o ciclo de conflito com a lei no seio familiar, motivo pelo qual \u00e9 membro da COPE (Children of Prisoners Europe), rede pan-europeia composta por diversas entidades n\u00e3o governamentais cujo trabalho vem centrado na defesa dos direitos destas crian\u00e7as.<\/p>\n<p><a href=\"https:\/\/confiarportugal.pt\/pt\/confiar\/politica-de-protecao-de-criancas-e-jovens\/\">Pol\u00edtica de Protec\u00e7\u00e3o de Crian\u00e7as e Jovens<\/a><\/p>\n<\/div><\/div><\/div><\/div><\/div><div id=\"pg-7-8\"  class=\"panel-grid panel-no-style\" ><div id=\"pgc-7-8-0\"  class=\"panel-grid-cell panel-grid-cell-mobile-last\" ><div id=\"panel-7-8-0-0\" class=\"so-panel widget widget_text panel-first-child panel-last-child\" data-index=\"9\" >\t\t\t<div class=\"textwidget\"><\/div>\n\t\t<\/div><\/div><div id=\"pgc-7-8-1\"  class=\"panel-grid-cell panel-grid-cell-empty\" ><\/div><\/div><\/div>","protected":false},"excerpt":{"rendered":"<p>Na Confiar acreditamos que toda\u00a0a\u00a0Pessoa \u00e9 maior que o seu erro. Promovemos a dignifica\u00e7\u00e3o dos reclusos e suas fam\u00edlias, com a participa\u00e7\u00e3o da sociedade civil.<\/p>\n","protected":false},"author":4,"featured_media":2118,"parent":0,"menu_order":0,"comment_status":"closed","ping_status":"open","template":"home-panels.php","meta":{"_exactmetrics_skip_tracking":false,"_exactmetrics_sitenote_active":false,"_exactmetrics_sitenote_note":"","_exactmetrics_sitenote_category":0,"spay_email":""},"aioseo_notices":[],"jetpack_sharing_enabled":true,"_links":{"self":[{"href":"https:\/\/confiarportugal.pt\/pt\/wp-json\/wp\/v2\/pages\/7"}],"collection":[{"href":"https:\/\/confiarportugal.pt\/pt\/wp-json\/wp\/v2\/pages"}],"about":[{"href":"https:\/\/confiarportugal.pt\/pt\/wp-json\/wp\/v2\/types\/page"}],"author":[{"embeddable":true,"href":"https:\/\/confiarportugal.pt\/pt\/wp-json\/wp\/v2\/users\/4"}],"replies":[{"embeddable":true,"href":"https:\/\/confiarportugal.pt\/pt\/wp-json\/wp\/v2\/comments?post=7"}],"version-history":[{"count":178,"href":"https:\/\/confiarportugal.pt\/pt\/wp-json\/wp\/v2\/pages\/7\/revisions"}],"predecessor-version":[{"id":2858,"href":"https:\/\/confiarportugal.pt\/pt\/wp-json\/wp\/v2\/pages\/7\/revisions\/2858"}],"wp:featuredmedia":[{"embeddable":true,"href":"https:\/\/confiarportugal.pt\/pt\/wp-json\/wp\/v2\/media\/2118"}],"wp:attachment":[{"href":"https:\/\/confiarportugal.pt\/pt\/wp-json\/wp\/v2\/media?parent=7"}],"curies":[{"name":"wp","href":"https:\/\/api.w.org\/{rel}","templated":true}]}}